{"id":983,"date":"2020-02-17T10:52:40","date_gmt":"2020-02-17T09:52:40","guid":{"rendered":"http:\/\/www.syndicapicole41.org\/?page_id=983"},"modified":"2020-02-17T10:56:43","modified_gmt":"2020-02-17T09:56:43","slug":"documentations","status":"publish","type":"page","link":"http:\/\/www.syndicapicole41.org\/?page_id=983","title":{"rendered":"Documentations"},"content":{"rendered":"\n<p>\n    Assembl\u00e9e G\u00e9n\u00e9rale du 8 f\u00e9vrier 2020 \u2013 SyndicApicole41    \t\t \n\n\n\n\t\t \n\n\t       \t  \n\n \n\n \n\n \n\n \n\n \n\n          \n\n \n\n \n\n \n\n\t\t\t \n\n\t\t \n\n<\/p>\n\n\n\n<h2> Bios\u00e9curit\u00e9 en apiculture <\/h2>\n\n\n\n<p>Bios\u00e9curit\u00e9 en apiculture \u2013 pr\u00e9server la sant\u00e9 des abeilles  et la sant\u00e9 publique.<\/p>\n\n\n\n<div class=\"wp-block-file\"><a href=\"http:\/\/www.syndicapicole41.org\/wp-content\/uploads\/2020\/02\/Biosecurite_en_apiculture.pdf\">Bio-s\u00e9curit\u00e9 en apiculture (format PDF)<\/a><a href=\"http:\/\/www.syndicapicole41.org\/wp-content\/uploads\/2020\/02\/Biosecurite_en_apiculture.pdf\" class=\"wp-block-file__button\" download>T\u00e9l\u00e9charger<\/a><\/div>\n\n\n\n<p>Intervention faite par le Dr v\u00e9t\u00e9rinaire de l\u2019URTGV de la section Apicole de l\u2019URGTV Centre Val de  Loire , dans le cadre du Plan Apicole Europ\u00e9en. <\/p>\n","protected":false},"excerpt":{"rendered":"<p>Assembl\u00e9e G\u00e9n\u00e9rale du 8 f\u00e9vrier 2020 \u2013 SyndicApicole41 Bios\u00e9curit\u00e9 en apiculture Bios\u00e9curit\u00e9 en apiculture \u2013 pr\u00e9server la sant\u00e9 des abeilles et la sant\u00e9 publique. Intervention faite par le Dr v\u00e9t\u00e9rinaire de l\u2019URTGV de la section Apicole de l\u2019URGTV Centre Val de Loire , dans le cadre du Plan Apicole Europ\u00e9en.<\/p>\n","protected":false},"author":1,"featured_media":0,"parent":0,"menu_order":0,"comment_status":"closed","ping_status":"closed","template":"","meta":{"_bbp_topic_count":0,"_bbp_reply_count":0,"_bbp_total_topic_count":0,"_bbp_total_reply_count":0,"_bbp_voice_count":0,"_bbp_anonymous_reply_count":0,"_bbp_topic_count_hidden":0,"_bbp_reply_count_hidden":0,"_bbp_forum_subforum_count":0},"_links":{"self":[{"href":"http:\/\/www.syndicapicole41.org\/index.php?rest_route=\/wp\/v2\/pages\/983"}],"collection":[{"href":"http:\/\/www.syndicapicole41.org\/index.php?rest_route=\/wp\/v2\/pages"}],"about":[{"href":"http:\/\/www.syndicapicole41.org\/index.php?rest_route=\/wp\/v2\/types\/page"}],"author":[{"embeddable":true,"href":"http:\/\/www.syndicapicole41.org\/index.php?rest_route=\/wp\/v2\/users\/1"}],"replies":[{"embeddable":true,"href":"http:\/\/www.syndicapicole41.org\/index.php?rest_route=%2Fwp%2Fv2%2Fcomments&post=983"}],"version-history":[{"count":3,"href":"http:\/\/www.syndicapicole41.org\/index.php?rest_route=\/wp\/v2\/pages\/983\/revisions"}],"predecessor-version":[{"id":987,"href":"http:\/\/www.syndicapicole41.org\/index.php?rest_route=\/wp\/v2\/pages\/983\/revisions\/987"}],"wp:attachment":[{"href":"http:\/\/www.syndicapicole41.org\/index.php?rest_route=%2Fwp%2Fv2%2Fmedia&parent=983"}],"curies":[{"name":"wp","href":"https:\/\/api.w.org\/{rel}","templated":true}]}}