{"id":69,"date":"2014-02-21T19:09:11","date_gmt":"2014-02-21T19:09:11","guid":{"rendered":"http:\/\/www.syndicapicole41.com\/?page_id=69"},"modified":"2023-05-03T18:59:30","modified_gmt":"2023-05-03T16:59:30","slug":"presentation","status":"publish","type":"page","link":"http:\/\/www.syndicapicole41.org\/?page_id=69","title":{"rendered":"Pr\u00e9sentation du syndicat"},"content":{"rendered":"<p>Le Syndicat compte en 2023 : 223 adh\u00e9rents amateurs, semi professionnels ou professionnels de l\u2019apiculture en Loir et Cher.<\/p>\n<p>Nous exploitons 2234 ruches dans le d\u00e9partement<b>.<\/b><\/p>\n<p>Le syndicat compte aujourd\u2019hui les partenariats suivants :<\/p>\n<ul>\n<li><strong>AGGLOPOLYS\u00a0:<\/strong> les ruches sont pos\u00e9es sur la terrasse du b\u00e2timent de leur si\u00e8ge social rue Honor\u00e9 de Balzac \u00e0 Blois.<\/li>\n<li><strong>Mairie de VILLEBAROU :<\/strong> les ruches sont install\u00e9es autour du bassin de r\u00e9tention d\u2019eau ;<\/li>\n<li><strong>GEODIS : <\/strong><\/li>\n<li><strong>DOMAINE de CHAUMONT sur LOIRE :<\/strong> ruches dans le parc du ch\u00e2teau ;<\/li>\n<li><strong>CONSEIL DEPARTEMENTAL :<\/strong> Nous avons sign\u00e9 une convention avec le D\u00e9partement lors du Comice agricole \u00e0 <strong>Salbris<\/strong> en 2019, qui porte sur la mise en place de plusieurs ruchers \u00e0 r\u00e9partir sur le d\u00e9partement du Loir et Cher.Un premier rucher mis en place \u00e0 l&rsquo;<strong>IME<\/strong> d&rsquo;<strong>Herbault<\/strong>Ont \u00e9t\u00e9 install\u00e9s trois autres ruchers\u00a0:\n<ul>\n<li>1 \u00e0 Couffy,<\/li>\n<li>1 \u00e0 Sarg\u00e9 sur Braye,<\/li>\n<li>1 \u00e0 St Firmin des Pr\u00e9s,<\/li>\n<li>1 \u00e0 Lamotte Beuvron.<\/li>\n<\/ul>\n<\/li>\n<\/ul>\n<ul>\n<li><strong>LEROY-MERLIN :<\/strong> 2 ruches sont install\u00e9es.<\/li>\n<\/ul>\n<p>Nous remercions par ailleurs Le <strong>ROTARY<\/strong> qui a offert 8 ruches au <strong>Rucher \u00c9cole<\/strong>.<\/p>\n","protected":false},"excerpt":{"rendered":"<p>Le Syndicat compte en 2023 : 223 adh\u00e9rents amateurs, semi professionnels ou professionnels de l\u2019apiculture en Loir et Cher. Nous exploitons 2234 ruches dans le d\u00e9partement. Le syndicat compte aujourd\u2019hui les partenariats suivants : AGGLOPOLYS\u00a0: les ruches sont pos\u00e9es sur la terrasse du b\u00e2timent de leur si\u00e8ge social rue Honor\u00e9 &#8230;<\/p>\n","protected":false},"author":1,"featured_media":0,"parent":0,"menu_order":0,"comment_status":"closed","ping_status":"open","template":"","meta":{"_bbp_topic_count":0,"_bbp_reply_count":0,"_bbp_total_topic_count":0,"_bbp_total_reply_count":0,"_bbp_voice_count":0,"_bbp_anonymous_reply_count":0,"_bbp_topic_count_hidden":0,"_bbp_reply_count_hidden":0,"_bbp_forum_subforum_count":0},"_links":{"self":[{"href":"http:\/\/www.syndicapicole41.org\/index.php?rest_route=\/wp\/v2\/pages\/69"}],"collection":[{"href":"http:\/\/www.syndicapicole41.org\/index.php?rest_route=\/wp\/v2\/pages"}],"about":[{"href":"http:\/\/www.syndicapicole41.org\/index.php?rest_route=\/wp\/v2\/types\/page"}],"author":[{"embeddable":true,"href":"http:\/\/www.syndicapicole41.org\/index.php?rest_route=\/wp\/v2\/users\/1"}],"replies":[{"embeddable":true,"href":"http:\/\/www.syndicapicole41.org\/index.php?rest_route=%2Fwp%2Fv2%2Fcomments&post=69"}],"version-history":[{"count":19,"href":"http:\/\/www.syndicapicole41.org\/index.php?rest_route=\/wp\/v2\/pages\/69\/revisions"}],"predecessor-version":[{"id":1177,"href":"http:\/\/www.syndicapicole41.org\/index.php?rest_route=\/wp\/v2\/pages\/69\/revisions\/1177"}],"wp:attachment":[{"href":"http:\/\/www.syndicapicole41.org\/index.php?rest_route=%2Fwp%2Fv2%2Fmedia&parent=69"}],"curies":[{"name":"wp","href":"https:\/\/api.w.org\/{rel}","templated":true}]}}