{"id":676,"date":"2018-10-01T21:03:52","date_gmt":"2018-10-01T19:03:52","guid":{"rendered":"http:\/\/www.syndicapicole41.org\/?page_id=676"},"modified":"2018-10-01T21:25:37","modified_gmt":"2018-10-01T19:25:37","slug":"syndicat_adapic","status":"publish","type":"page","link":"http:\/\/www.syndicapicole41.org\/?page_id=676","title":{"rendered":"Syndicat et ADAPIC"},"content":{"rendered":"<p>Le syndicat est adh\u00e9rent \u00e0 l&rsquo;<a href=\"http:\/\/adapic.adafrance.org\/\">ADAPIC (Association de d\u00e9veloppement de l&rsquo;Apiculture du Centre)<\/a>.<br \/>\nLe syndicat en \u00e9tant membre les adh\u00e9rents peuvent b\u00e9n\u00e9ficier de tarifs pr\u00e9f\u00e9rentiels pour les formations propos\u00e9es par l&rsquo;<a href=\"http:\/\/adapic.adafrance.org\/\">ADAPIC<\/a>.<\/p>\n","protected":false},"excerpt":{"rendered":"<p>Le syndicat est adh\u00e9rent \u00e0 l&rsquo;ADAPIC (Association de d\u00e9veloppement de l&rsquo;Apiculture du Centre). Le syndicat en \u00e9tant membre les adh\u00e9rents peuvent b\u00e9n\u00e9ficier de tarifs pr\u00e9f\u00e9rentiels pour les formations propos\u00e9es par l&rsquo;ADAPIC.<\/p>\n","protected":false},"author":1,"featured_media":0,"parent":0,"menu_order":0,"comment_status":"closed","ping_status":"closed","template":"","meta":{"_bbp_topic_count":0,"_bbp_reply_count":0,"_bbp_total_topic_count":0,"_bbp_total_reply_count":0,"_bbp_voice_count":0,"_bbp_anonymous_reply_count":0,"_bbp_topic_count_hidden":0,"_bbp_reply_count_hidden":0,"_bbp_forum_subforum_count":0},"_links":{"self":[{"href":"http:\/\/www.syndicapicole41.org\/index.php?rest_route=\/wp\/v2\/pages\/676"}],"collection":[{"href":"http:\/\/www.syndicapicole41.org\/index.php?rest_route=\/wp\/v2\/pages"}],"about":[{"href":"http:\/\/www.syndicapicole41.org\/index.php?rest_route=\/wp\/v2\/types\/page"}],"author":[{"embeddable":true,"href":"http:\/\/www.syndicapicole41.org\/index.php?rest_route=\/wp\/v2\/users\/1"}],"replies":[{"embeddable":true,"href":"http:\/\/www.syndicapicole41.org\/index.php?rest_route=%2Fwp%2Fv2%2Fcomments&post=676"}],"version-history":[{"count":5,"href":"http:\/\/www.syndicapicole41.org\/index.php?rest_route=\/wp\/v2\/pages\/676\/revisions"}],"predecessor-version":[{"id":686,"href":"http:\/\/www.syndicapicole41.org\/index.php?rest_route=\/wp\/v2\/pages\/676\/revisions\/686"}],"wp:attachment":[{"href":"http:\/\/www.syndicapicole41.org\/index.php?rest_route=%2Fwp%2Fv2%2Fmedia&parent=676"}],"curies":[{"name":"wp","href":"https:\/\/api.w.org\/{rel}","templated":true}]}}