{"id":55,"date":"2014-02-19T21:07:35","date_gmt":"2014-02-19T21:07:35","guid":{"rendered":"http:\/\/www.syndicapicole41.com\/?page_id=55"},"modified":"2024-04-05T18:20:29","modified_gmt":"2024-04-05T16:20:29","slug":"nous-contacter","status":"publish","type":"page","link":"http:\/\/www.syndicapicole41.org\/?page_id=55","title":{"rendered":"Nous contacter"},"content":{"rendered":"<ul>\n<li>Pour des renseignements sur la formation au <span style=\"color: #0000ff;\"><strong>Rucher \u00c9cole<\/strong><\/span>, merci de contacter :<\/li>\n<\/ul>\n<p style=\"padding-left: 80px;\"><strong>Bernadette Bouquin<\/strong><br \/>Adresse de courriel : <a href=\"mailto:syndicapicole41@gmail.com\">syndicapicole41@gmail.com<\/a>\u00a0<br \/><strong>T\u00e9l : 06 47 18 20 47<\/strong><\/p>\n<hr \/>\n<ul>\n<li>Pour des renseignements sur l&rsquo;<span style=\"color: #0000ff;\"><strong>assurance<\/strong><\/span> et l&rsquo;<span style=\"color: #0000ff;\"><strong>adh\u00e9sion<\/strong><\/span> au syndicat, merci de contacter la<br \/><strong>tr\u00e9sori\u00e8re<\/strong> :<\/li>\n<\/ul>\n<p style=\"padding-left: 80px;\"><strong>Annie CRESPO<\/strong><br \/>Adresse de courriel : <a href=\"mailto:medannie@wanadoo.fr\">medannie@wanadoo.fr<\/a><br \/><strong>T\u00e9l : 06 75 57 57 53<\/strong><\/p>\n<hr \/>\n<ul>\n<li>Pour tout autre <span style=\"color: #0000ff;\"><strong>renseignement sur le syndicat<\/strong><\/span>, merci de contacter le<br \/><strong> Pr\u00e9sident<\/strong> :<\/li>\n<\/ul>\n<p style=\"padding-left: 80px;\"><strong>Eric SOUVENT<\/strong><br \/>Adresse de courriel : <a href=\"mailto:syndicapicole41@gmail.com\">syndicapicole41@gmail.com<\/a>\u00a0\u00a0 <br \/><strong>T\u00e9l : 06 21 94 13 62<br \/><\/strong><\/p>\n<hr \/>\n<ul>\n<li>Pour contacter le <strong>GDS41<\/strong> <br \/>(<strong>Groupement de D\u00e9fense Sanitaire du Loir et Cher<\/strong>) :<\/li>\n<\/ul>\n<p style=\"padding-left: 80px;\">GDS41<br \/>CS 81803<br \/>18-20 rue Paul Berthereau<br \/>41000 BLOIS<br \/>Adresse de courriel : <a href=\"mailto:gds41@reseaugds.com\">gds41@reseaugds.com<\/a><br \/>T\u00e9l : 02 54 57 21 88<\/p>\n\n\n<p><\/p>\n\n\n\n<p><\/p>\n\n\n\n<p><\/p>\n\n\n\n<p><\/p>\n","protected":false},"excerpt":{"rendered":"<p>Pour des renseignements sur la formation au Rucher \u00c9cole, merci de contacter : Bernadette BouquinAdresse de courriel : syndicapicole41@gmail.com\u00a0T\u00e9l : 06 47 18 20 47 Pour des renseignements sur l&rsquo;assurance et l&rsquo;adh\u00e9sion au syndicat, merci de contacter latr\u00e9sori\u00e8re : Annie CRESPOAdresse de courriel : medannie@wanadoo.frT\u00e9l : 06 75 57 57 &#8230;<\/p>\n","protected":false},"author":1,"featured_media":0,"parent":0,"menu_order":0,"comment_status":"closed","ping_status":"closed","template":"","meta":{"_bbp_topic_count":0,"_bbp_reply_count":0,"_bbp_total_topic_count":0,"_bbp_total_reply_count":0,"_bbp_voice_count":0,"_bbp_anonymous_reply_count":0,"_bbp_topic_count_hidden":0,"_bbp_reply_count_hidden":0,"_bbp_forum_subforum_count":0},"_links":{"self":[{"href":"http:\/\/www.syndicapicole41.org\/index.php?rest_route=\/wp\/v2\/pages\/55"}],"collection":[{"href":"http:\/\/www.syndicapicole41.org\/index.php?rest_route=\/wp\/v2\/pages"}],"about":[{"href":"http:\/\/www.syndicapicole41.org\/index.php?rest_route=\/wp\/v2\/types\/page"}],"author":[{"embeddable":true,"href":"http:\/\/www.syndicapicole41.org\/index.php?rest_route=\/wp\/v2\/users\/1"}],"replies":[{"embeddable":true,"href":"http:\/\/www.syndicapicole41.org\/index.php?rest_route=%2Fwp%2Fv2%2Fcomments&post=55"}],"version-history":[{"count":23,"href":"http:\/\/www.syndicapicole41.org\/index.php?rest_route=\/wp\/v2\/pages\/55\/revisions"}],"predecessor-version":[{"id":1415,"href":"http:\/\/www.syndicapicole41.org\/index.php?rest_route=\/wp\/v2\/pages\/55\/revisions\/1415"}],"wp:attachment":[{"href":"http:\/\/www.syndicapicole41.org\/index.php?rest_route=%2Fwp%2Fv2%2Fmedia&parent=55"}],"curies":[{"name":"wp","href":"https:\/\/api.w.org\/{rel}","templated":true}]}}