{"id":337,"date":"2014-09-24T20:08:29","date_gmt":"2014-09-24T18:08:29","guid":{"rendered":"http:\/\/www.syndicapicole41.com\/?page_id=337"},"modified":"2024-04-05T18:17:58","modified_gmt":"2024-04-05T16:17:58","slug":"cartes","status":"publish","type":"page","link":"http:\/\/www.syndicapicole41.org\/?page_id=337","title":{"rendered":"Cartes"},"content":{"rendered":"\n<p>Vous trouverez dans ce menu les cartes suivantes :<br><\/p><ul><li> <a href=\"https:\/\/drive.google.com\/open?id=1DimftE7KD3L664tu892PdsCr0LEopLRx&amp;usp=sharing\" target=\"_blank\" rel=\"noopener noreferrer\">Carte des adh\u00e9rents<\/a><\/li> <li><a href=\"https:\/\/drive.google.com\/open?id=1awwVlPMLM0MvfVamKAy3fg8BiWCx-lNE&amp;usp=sharing\" target=\"_blank\" rel=\"noopener noreferrer\">Carte des ramasseurs d&rsquo;essaims<\/a><\/li>\n<li><a href=\"http:\/\/www.syndicapicole41.org\/wp-content\/uploads\/2021\/03\/CarteReferentIdentificationNidsFA2.pdf\" target=\"_blank\" rel=\"noopener noreferrer\">\n\n\n<p>Pour la destruction des frelons asiatiques, la plupart des Communaut\u00e9s de Communes prennent en charge le traitement du nid par des entreprises ou services sp\u00e9cialis\u00e9s : contactez votre mairie. <\/p>\n\n\n\n<p>Pour le secteur d&rsquo;Agglopolys, une d\u00e9claration en ligne est possible sur leur site.<\/p>\n\n\n\n<p>La confirmation du nid des frelons asiatiques sera demand\u00e9e \u00e0 chaque fois : la Mairie ou Agglopolys se chargent d&rsquo;organiser la reconnaissance avant intervention.<\/p>\n","protected":false},"excerpt":{"rendered":"<p>Vous trouverez dans ce menu les cartes suivantes : Carte des adh\u00e9rents Carte des ramasseurs d&rsquo;essaims Pour la destruction des frelons asiatiques, la plupart des Communaut\u00e9s de Communes prennent en charge le traitement du nid par des entreprises ou services sp\u00e9cialis\u00e9s : contactez votre mairie. Pour le secteur d&rsquo;Agglopolys, une &#8230;<\/p>\n","protected":false},"author":1,"featured_media":0,"parent":0,"menu_order":0,"comment_status":"closed","ping_status":"closed","template":"","meta":{"_bbp_topic_count":0,"_bbp_reply_count":0,"_bbp_total_topic_count":0,"_bbp_total_reply_count":0,"_bbp_voice_count":0,"_bbp_anonymous_reply_count":0,"_bbp_topic_count_hidden":0,"_bbp_reply_count_hidden":0,"_bbp_forum_subforum_count":0},"_links":{"self":[{"href":"http:\/\/www.syndicapicole41.org\/index.php?rest_route=\/wp\/v2\/pages\/337"}],"collection":[{"href":"http:\/\/www.syndicapicole41.org\/index.php?rest_route=\/wp\/v2\/pages"}],"about":[{"href":"http:\/\/www.syndicapicole41.org\/index.php?rest_route=\/wp\/v2\/types\/page"}],"author":[{"embeddable":true,"href":"http:\/\/www.syndicapicole41.org\/index.php?rest_route=\/wp\/v2\/users\/1"}],"replies":[{"embeddable":true,"href":"http:\/\/www.syndicapicole41.org\/index.php?rest_route=%2Fwp%2Fv2%2Fcomments&post=337"}],"version-history":[{"count":18,"href":"http:\/\/www.syndicapicole41.org\/index.php?rest_route=\/wp\/v2\/pages\/337\/revisions"}],"predecessor-version":[{"id":1261,"href":"http:\/\/www.syndicapicole41.org\/index.php?rest_route=\/wp\/v2\/pages\/337\/revisions\/1261"}],"wp:attachment":[{"href":"http:\/\/www.syndicapicole41.org\/index.php?rest_route=%2Fwp%2Fv2%2Fmedia&parent=337"}],"curies":[{"name":"wp","href":"https:\/\/api.w.org\/{rel}","templated":true}]}}